{"id":148,"date":"2022-01-28T16:48:50","date_gmt":"2022-01-28T16:48:50","guid":{"rendered":"https:\/\/sistemaregulatoriorrhh.usac.edu.gt\/?page_id=148"},"modified":"2022-03-29T14:52:33","modified_gmt":"2022-03-29T14:52:33","slug":"mision-y-vision","status":"publish","type":"page","link":"https:\/\/sistemaregulatoriorrhh.usac.edu.gt\/index.php\/mision-y-vision\/","title":{"rendered":"MISI\u00d3N Y VISI\u00d3N"},"content":{"rendered":"\n<p><\/p>\n\n\n\n<p class=\"has-medium-font-size\"><strong>MISI\u00d3N<\/strong><\/p>\n\n\n\n<p>Somos la Unidad de la Divisi\u00f3n de Administraci\u00f3n de Recursos Humanos que vela\u00a0 porque el pago de sueldos y prestaciones del personal de la Universidad de San Carlos de Guatemala, se realice de manera oportuna y apegada a la legislaci\u00f3n vigente.<\/p>\n\n\n\n<p class=\"has-medium-font-size\"><strong>VISI\u00d3N<\/strong><\/p>\n\n\n\n<p>Ser la Unidad de la Divisi\u00f3n de Administraci\u00f3n de Recursos Humanos que con apego a la legislaci\u00f3n vigente, preste un servicio de la m\u00e1s alta calidad en el tr\u00e1mite de sueldos y prestaciones del personal de la Universidad de San Carlos de Guatemala, a trav\u00e9s de sus procesos automatizados.<\/p>\n","protected":false},"excerpt":{"rendered":"<p>MISI\u00d3N Somos la Unidad de la Divisi\u00f3n de Administraci\u00f3n de Recursos Humanos que vela\u00a0 porque el pago de sueldos y prestaciones del personal de la Universidad de San Carlos de Guatemala, se realice de manera oportuna y apegada a la legislaci\u00f3n vigente. VISI\u00d3N Ser la Unidad de la Divisi\u00f3n de Administraci\u00f3n de Recursos Humanos que [&hellip;]<\/p>\n","protected":false},"author":1,"featured_media":0,"parent":0,"menu_order":0,"comment_status":"closed","ping_status":"closed","template":"","meta":{"iawp_total_views":1,"footnotes":""},"class_list":["post-148","page","type-page","status-publish","czr-hentry"],"_links":{"self":[{"href":"https:\/\/sistemaregulatoriorrhh.usac.edu.gt\/index.php\/wp-json\/wp\/v2\/pages\/148","targetHints":{"allow":["GET"]}}],"collection":[{"href":"https:\/\/sistemaregulatoriorrhh.usac.edu.gt\/index.php\/wp-json\/wp\/v2\/pages"}],"about":[{"href":"https:\/\/sistemaregulatoriorrhh.usac.edu.gt\/index.php\/wp-json\/wp\/v2\/types\/page"}],"author":[{"embeddable":true,"href":"https:\/\/sistemaregulatoriorrhh.usac.edu.gt\/index.php\/wp-json\/wp\/v2\/users\/1"}],"replies":[{"embeddable":true,"href":"https:\/\/sistemaregulatoriorrhh.usac.edu.gt\/index.php\/wp-json\/wp\/v2\/comments?post=148"}],"version-history":[{"count":4,"href":"https:\/\/sistemaregulatoriorrhh.usac.edu.gt\/index.php\/wp-json\/wp\/v2\/pages\/148\/revisions"}],"predecessor-version":[{"id":703,"href":"https:\/\/sistemaregulatoriorrhh.usac.edu.gt\/index.php\/wp-json\/wp\/v2\/pages\/148\/revisions\/703"}],"wp:attachment":[{"href":"https:\/\/sistemaregulatoriorrhh.usac.edu.gt\/index.php\/wp-json\/wp\/v2\/media?parent=148"}],"curies":[{"name":"wp","href":"https:\/\/api.w.org\/{rel}","templated":true}]}}