{"id":146,"date":"2022-01-28T16:48:30","date_gmt":"2022-01-28T16:48:30","guid":{"rendered":"https:\/\/sistemaregulatoriorrhh.usac.edu.gt\/?page_id=146"},"modified":"2022-03-29T14:27:51","modified_gmt":"2022-03-29T14:27:51","slug":"marco-historico","status":"publish","type":"page","link":"https:\/\/sistemaregulatoriorrhh.usac.edu.gt\/index.php\/marco-historico\/","title":{"rendered":"MARCO HIST\u00d3RICO"},"content":{"rendered":"\n<p>La Unidad de\u00a0 Sueldos\u00a0 y\u00a0 Nombramientos\u00a0 fue\u00a0 creada\u00a0 con\u00a0\u00a0 la\u00a0\u00a0 aprobaci\u00f3n del Estatuto de la Carrera Universitaria, por el Consejo Superior Universitario el 1 de Octubre de 1971, seg\u00fan el Art\u00edculo 45, Cap\u00edtulo III.<\/p>\n","protected":false},"excerpt":{"rendered":"<p>La Unidad de\u00a0 Sueldos\u00a0 y\u00a0 Nombramientos\u00a0 fue\u00a0 creada\u00a0 con\u00a0\u00a0 la\u00a0\u00a0 aprobaci\u00f3n del Estatuto de la Carrera Universitaria, por el Consejo Superior Universitario el 1 de Octubre de 1971, seg\u00fan el Art\u00edculo 45, Cap\u00edtulo III.<\/p>\n","protected":false},"author":1,"featured_media":0,"parent":0,"menu_order":0,"comment_status":"closed","ping_status":"closed","template":"","meta":{"iawp_total_views":1,"footnotes":""},"class_list":["post-146","page","type-page","status-publish","czr-hentry"],"_links":{"self":[{"href":"https:\/\/sistemaregulatoriorrhh.usac.edu.gt\/index.php\/wp-json\/wp\/v2\/pages\/146","targetHints":{"allow":["GET"]}}],"collection":[{"href":"https:\/\/sistemaregulatoriorrhh.usac.edu.gt\/index.php\/wp-json\/wp\/v2\/pages"}],"about":[{"href":"https:\/\/sistemaregulatoriorrhh.usac.edu.gt\/index.php\/wp-json\/wp\/v2\/types\/page"}],"author":[{"embeddable":true,"href":"https:\/\/sistemaregulatoriorrhh.usac.edu.gt\/index.php\/wp-json\/wp\/v2\/users\/1"}],"replies":[{"embeddable":true,"href":"https:\/\/sistemaregulatoriorrhh.usac.edu.gt\/index.php\/wp-json\/wp\/v2\/comments?post=146"}],"version-history":[{"count":3,"href":"https:\/\/sistemaregulatoriorrhh.usac.edu.gt\/index.php\/wp-json\/wp\/v2\/pages\/146\/revisions"}],"predecessor-version":[{"id":694,"href":"https:\/\/sistemaregulatoriorrhh.usac.edu.gt\/index.php\/wp-json\/wp\/v2\/pages\/146\/revisions\/694"}],"wp:attachment":[{"href":"https:\/\/sistemaregulatoriorrhh.usac.edu.gt\/index.php\/wp-json\/wp\/v2\/media?parent=146"}],"curies":[{"name":"wp","href":"https:\/\/api.w.org\/{rel}","templated":true}]}}