{"id":12,"date":"2021-11-18T18:38:55","date_gmt":"2021-11-18T18:38:55","guid":{"rendered":"http:\/\/c3.usac.edu.gt\/sistemaregulatoriorrhh.usac.edu.gt\/public_html\/?page_id=12"},"modified":"2022-03-29T14:49:24","modified_gmt":"2022-03-29T14:49:24","slug":"contactenos","status":"publish","type":"page","link":"https:\/\/sistemaregulatoriorrhh.usac.edu.gt\/index.php\/contactenos\/","title":{"rendered":"CONT\u00c1CTENOS"},"content":{"rendered":"\n<p>Jefatura Divisi\u00f3n de Administraci\u00f3n de Recursos Humanos: <a href=\"jefaturadarh@usac.edu.gt\">jefaturadarh@usac.edu.gt<\/a><\/p>\n\n\n\n<p>Subjefatura Divisi\u00f3n de Adminsitraci\u00f3n de Recursos Humanos: <a href=\"subjefaturadarh@usac.edu.gt\">subjefaturadarh@usac.edu.gt<\/a><\/p>\n\n\n\n<p>Unidad de Sueldos y Nombramientos: <a href=\"sueldosynombramientosdarh@usac.edu.gt\">sueldosynombramientosdarh@usac.edu.gt<\/a> <\/p>\n","protected":false},"excerpt":{"rendered":"<p>Jefatura Divisi\u00f3n de Administraci\u00f3n de Recursos Humanos: jefaturadarh@usac.edu.gt Subjefatura Divisi\u00f3n de Adminsitraci\u00f3n de Recursos Humanos: subjefaturadarh@usac.edu.gt Unidad de Sueldos y Nombramientos: sueldosynombramientosdarh@usac.edu.gt<\/p>\n","protected":false},"author":1,"featured_media":0,"parent":0,"menu_order":0,"comment_status":"closed","ping_status":"closed","template":"","meta":{"iawp_total_views":20,"footnotes":""},"class_list":["post-12","page","type-page","status-publish","czr-hentry"],"_links":{"self":[{"href":"https:\/\/sistemaregulatoriorrhh.usac.edu.gt\/index.php\/wp-json\/wp\/v2\/pages\/12","targetHints":{"allow":["GET"]}}],"collection":[{"href":"https:\/\/sistemaregulatoriorrhh.usac.edu.gt\/index.php\/wp-json\/wp\/v2\/pages"}],"about":[{"href":"https:\/\/sistemaregulatoriorrhh.usac.edu.gt\/index.php\/wp-json\/wp\/v2\/types\/page"}],"author":[{"embeddable":true,"href":"https:\/\/sistemaregulatoriorrhh.usac.edu.gt\/index.php\/wp-json\/wp\/v2\/users\/1"}],"replies":[{"embeddable":true,"href":"https:\/\/sistemaregulatoriorrhh.usac.edu.gt\/index.php\/wp-json\/wp\/v2\/comments?post=12"}],"version-history":[{"count":3,"href":"https:\/\/sistemaregulatoriorrhh.usac.edu.gt\/index.php\/wp-json\/wp\/v2\/pages\/12\/revisions"}],"predecessor-version":[{"id":701,"href":"https:\/\/sistemaregulatoriorrhh.usac.edu.gt\/index.php\/wp-json\/wp\/v2\/pages\/12\/revisions\/701"}],"wp:attachment":[{"href":"https:\/\/sistemaregulatoriorrhh.usac.edu.gt\/index.php\/wp-json\/wp\/v2\/media?parent=12"}],"curies":[{"name":"wp","href":"https:\/\/api.w.org\/{rel}","templated":true}]}}